{"id":1075,"date":"2024-03-22T20:33:33","date_gmt":"2024-03-22T20:33:33","guid":{"rendered":"https:\/\/copite.es\/?post_type=product&#038;p=1075"},"modified":"2024-07-26T17:11:25","modified_gmt":"2024-07-26T17:11:25","slug":"c-4-pienso-de-cerdas-lactantes","status":"publish","type":"product","link":"https:\/\/copite.es\/en\/producto\/c-4-pienso-de-cerdas-lactantes\/","title":{"rendered":"C-4. Pienso de cerdas lactantes"},"content":{"rendered":"","protected":false},"excerpt":{"rendered":"<p>Alimentaci\u00f3n \u00f3ptima para las cerdas en este important\u00edsimo per\u00edodo de lactaci\u00f3n.<\/p>","protected":false},"featured_media":1506,"comment_status":"open","ping_status":"closed","template":"","meta":{"_acf_changed":false,"site-sidebar-layout":"default","site-content-layout":"","ast-site-content-layout":"default","site-content-style":"default","site-sidebar-style":"default","ast-global-header-display":"","ast-banner-title-visibility":"","ast-main-header-display":"","ast-hfb-above-header-display":"","ast-hfb-below-header-display":"","ast-hfb-mobile-header-display":"","site-post-title":"","ast-breadcrumbs-content":"","ast-featured-img":"","footer-sml-layout":"","theme-transparent-header-meta":"default","adv-header-id-meta":"","stick-header-meta":"","header-above-stick-meta":"","header-main-stick-meta":"","header-below-stick-meta":"","astra-migrate-meta-layouts":"set","ast-page-background-enabled":"default","ast-page-background-meta":{"desktop":{"background-color":"var(--ast-global-color-4)","background-image":"","background-repeat":"repeat","background-position":"center center","background-size":"auto","background-attachment":"scroll","background-type":"","background-media":"","overlay-type":"","overlay-color":"","overlay-opacity":"","overlay-gradient":""},"tablet":{"background-color":"","background-image":"","background-repeat":"repeat","background-position":"center center","background-size":"auto","background-attachment":"scroll","background-type":"","background-media":"","overlay-type":"","overlay-color":"","overlay-opacity":"","overlay-gradient":""},"mobile":{"background-color":"","background-image":"","background-repeat":"repeat","background-position":"center center","background-size":"auto","background-attachment":"scroll","background-type":"","background-media":"","overlay-type":"","overlay-color":"","overlay-opacity":"","overlay-gradient":""}},"ast-content-background-meta":{"desktop":{"background-color":"var(--ast-global-color-5)","background-image":"","background-repeat":"repeat","background-position":"center center","background-size":"auto","background-attachment":"scroll","background-type":"","background-media":"","overlay-type":"","overlay-color":"","overlay-opacity":"","overlay-gradient":""},"tablet":{"background-color":"var(--ast-global-color-5)","background-image":"","background-repeat":"repeat","background-position":"center center","background-size":"auto","background-attachment":"scroll","background-type":"","background-media":"","overlay-type":"","overlay-color":"","overlay-opacity":"","overlay-gradient":""},"mobile":{"background-color":"var(--ast-global-color-5)","background-image":"","background-repeat":"repeat","background-position":"center center","background-size":"auto","background-attachment":"scroll","background-type":"","background-media":"","overlay-type":"","overlay-color":"","overlay-opacity":"","overlay-gradient":""}}},"piensos":[],"product_cat":[26,69],"product_tag":[],"class_list":{"0":"post-1075","1":"product","2":"type-product","3":"status-publish","4":"has-post-thumbnail","6":"product_cat-porcino","7":"product_cat-porcino-blanco","8":"desktop-align-left","9":"tablet-align-left","10":"mobile-align-left","12":"first","13":"instock","14":"shipping-taxable","15":"product-type-simple"},"acf":[],"yoast_head":"<!-- This site is optimized with the Yoast SEO plugin v23.3 - https:\/\/yoast.com\/wordpress\/plugins\/seo\/ -->\n<title>C-4. Pienso de cerdas lactantes - Ntra. Sra. de la Cabeza<\/title>\n<meta name=\"robots\" content=\"index, follow, max-snippet:-1, max-image-preview:large, max-video-preview:-1\" \/>\n<link rel=\"canonical\" href=\"https:\/\/copite.es\/en\/product\/c-4-pienso-de-cerdas-lactantes\/\" \/>\n<meta property=\"og:locale\" content=\"en_US\" \/>\n<meta property=\"og:type\" content=\"article\" \/>\n<meta property=\"og:title\" content=\"C-4. Pienso de cerdas lactantes - Ntra. Sra. de la Cabeza\" \/>\n<meta property=\"og:description\" content=\"Alimentaci\u00f3n \u00f3ptima para las cerdas en este important\u00edsimo per\u00edodo de lactaci\u00f3n.\" \/>\n<meta property=\"og:url\" content=\"https:\/\/copite.es\/en\/product\/c-4-pienso-de-cerdas-lactantes\/\" \/>\n<meta property=\"og:site_name\" content=\"Ntra. Sra. de la Cabeza\" \/>\n<meta property=\"article:modified_time\" content=\"2024-07-26T17:11:25+00:00\" \/>\n<meta property=\"og:image\" content=\"https:\/\/copite.es\/wp-content\/uploads\/2024\/03\/CERDA-LACTANTE.jpg\" \/>\n\t<meta property=\"og:image:width\" content=\"580\" \/>\n\t<meta property=\"og:image:height\" content=\"376\" \/>\n\t<meta property=\"og:image:type\" content=\"image\/jpeg\" \/>\n<meta name=\"twitter:card\" content=\"summary_large_image\" \/>\n<meta name=\"twitter:label1\" content=\"Est. reading time\" \/>\n\t<meta name=\"twitter:data1\" content=\"1 minute\" \/>\n<script type=\"application\/ld+json\" class=\"yoast-schema-graph\">{\"@context\":\"https:\/\/schema.org\",\"@graph\":[{\"@type\":\"WebPage\",\"@id\":\"https:\/\/copite.es\/producto\/c-4-pienso-de-cerdas-lactantes\/\",\"url\":\"https:\/\/copite.es\/producto\/c-4-pienso-de-cerdas-lactantes\/\",\"name\":\"C-4. Pienso de cerdas lactantes - Ntra. Sra. de la Cabeza\",\"isPartOf\":{\"@id\":\"https:\/\/copite.es\/#website\"},\"primaryImageOfPage\":{\"@id\":\"https:\/\/copite.es\/producto\/c-4-pienso-de-cerdas-lactantes\/#primaryimage\"},\"image\":{\"@id\":\"https:\/\/copite.es\/producto\/c-4-pienso-de-cerdas-lactantes\/#primaryimage\"},\"thumbnailUrl\":\"https:\/\/copite.es\/wp-content\/uploads\/2024\/03\/CERDA-LACTANTE.jpg\",\"datePublished\":\"2024-03-22T20:33:33+00:00\",\"dateModified\":\"2024-07-26T17:11:25+00:00\",\"breadcrumb\":{\"@id\":\"https:\/\/copite.es\/producto\/c-4-pienso-de-cerdas-lactantes\/#breadcrumb\"},\"inLanguage\":\"en-US\",\"potentialAction\":[{\"@type\":\"ReadAction\",\"target\":[\"https:\/\/copite.es\/producto\/c-4-pienso-de-cerdas-lactantes\/\"]}]},{\"@type\":\"ImageObject\",\"inLanguage\":\"en-US\",\"@id\":\"https:\/\/copite.es\/producto\/c-4-pienso-de-cerdas-lactantes\/#primaryimage\",\"url\":\"https:\/\/copite.es\/wp-content\/uploads\/2024\/03\/CERDA-LACTANTE.jpg\",\"contentUrl\":\"https:\/\/copite.es\/wp-content\/uploads\/2024\/03\/CERDA-LACTANTE.jpg\",\"width\":580,\"height\":376,\"caption\":\"Pienso cerda lactante\"},{\"@type\":\"BreadcrumbList\",\"@id\":\"https:\/\/copite.es\/producto\/c-4-pienso-de-cerdas-lactantes\/#breadcrumb\",\"itemListElement\":[{\"@type\":\"ListItem\",\"position\":1,\"name\":\"Portada\",\"item\":\"https:\/\/copite.es\/\"},{\"@type\":\"ListItem\",\"position\":2,\"name\":\"Especies\",\"item\":\"https:\/\/copite.es\/especies\/\"},{\"@type\":\"ListItem\",\"position\":3,\"name\":\"C-4. Pienso de cerdas lactantes\"}]},{\"@type\":\"WebSite\",\"@id\":\"https:\/\/copite.es\/#website\",\"url\":\"https:\/\/copite.es\/\",\"name\":\"Ntra. Sra. de la Cabeza\",\"description\":\"\",\"publisher\":{\"@id\":\"https:\/\/copite.es\/#organization\"},\"potentialAction\":[{\"@type\":\"SearchAction\",\"target\":{\"@type\":\"EntryPoint\",\"urlTemplate\":\"https:\/\/copite.es\/?s={search_term_string}\"},\"query-input\":\"required name=search_term_string\"}],\"inLanguage\":\"en-US\"},{\"@type\":\"Organization\",\"@id\":\"https:\/\/copite.es\/#organization\",\"name\":\"Ntra. Sra. de la Cabeza\",\"url\":\"https:\/\/copite.es\/\",\"logo\":{\"@type\":\"ImageObject\",\"inLanguage\":\"en-US\",\"@id\":\"https:\/\/copite.es\/#\/schema\/logo\/image\/\",\"url\":\"https:\/\/copite.es\/wp-content\/uploads\/2024\/03\/Ganaderia-Nuestra-Senora-de-la-Cabeza-logo-1.png\",\"contentUrl\":\"https:\/\/copite.es\/wp-content\/uploads\/2024\/03\/Ganaderia-Nuestra-Senora-de-la-Cabeza-logo-1.png\",\"width\":1517,\"height\":1517,\"caption\":\"Ntra. Sra. de la Cabeza\"},\"image\":{\"@id\":\"https:\/\/copite.es\/#\/schema\/logo\/image\/\"}}]}<\/script>\n<!-- \/ Yoast SEO plugin. -->","yoast_head_json":{"title":"C-4. Pienso de cerdas lactantes - Ntra. Sra. de la Cabeza","robots":{"index":"index","follow":"follow","max-snippet":"max-snippet:-1","max-image-preview":"max-image-preview:large","max-video-preview":"max-video-preview:-1"},"canonical":"https:\/\/copite.es\/en\/product\/c-4-pienso-de-cerdas-lactantes\/","og_locale":"en_US","og_type":"article","og_title":"C-4. Pienso de cerdas lactantes - Ntra. Sra. de la Cabeza","og_description":"Alimentaci\u00f3n \u00f3ptima para las cerdas en este important\u00edsimo per\u00edodo de lactaci\u00f3n.","og_url":"https:\/\/copite.es\/en\/product\/c-4-pienso-de-cerdas-lactantes\/","og_site_name":"Ntra. Sra. de la Cabeza","article_modified_time":"2024-07-26T17:11:25+00:00","og_image":[{"width":580,"height":376,"url":"https:\/\/copite.es\/wp-content\/uploads\/2024\/03\/CERDA-LACTANTE.jpg","type":"image\/jpeg"}],"twitter_card":"summary_large_image","twitter_misc":{"Est. reading time":"1 minute"},"schema":{"@context":"https:\/\/schema.org","@graph":[{"@type":"WebPage","@id":"https:\/\/copite.es\/producto\/c-4-pienso-de-cerdas-lactantes\/","url":"https:\/\/copite.es\/producto\/c-4-pienso-de-cerdas-lactantes\/","name":"C-4. Pienso de cerdas lactantes - Ntra. Sra. de la Cabeza","isPartOf":{"@id":"https:\/\/copite.es\/#website"},"primaryImageOfPage":{"@id":"https:\/\/copite.es\/producto\/c-4-pienso-de-cerdas-lactantes\/#primaryimage"},"image":{"@id":"https:\/\/copite.es\/producto\/c-4-pienso-de-cerdas-lactantes\/#primaryimage"},"thumbnailUrl":"https:\/\/copite.es\/wp-content\/uploads\/2024\/03\/CERDA-LACTANTE.jpg","datePublished":"2024-03-22T20:33:33+00:00","dateModified":"2024-07-26T17:11:25+00:00","breadcrumb":{"@id":"https:\/\/copite.es\/producto\/c-4-pienso-de-cerdas-lactantes\/#breadcrumb"},"inLanguage":"en-US","potentialAction":[{"@type":"ReadAction","target":["https:\/\/copite.es\/producto\/c-4-pienso-de-cerdas-lactantes\/"]}]},{"@type":"ImageObject","inLanguage":"en-US","@id":"https:\/\/copite.es\/producto\/c-4-pienso-de-cerdas-lactantes\/#primaryimage","url":"https:\/\/copite.es\/wp-content\/uploads\/2024\/03\/CERDA-LACTANTE.jpg","contentUrl":"https:\/\/copite.es\/wp-content\/uploads\/2024\/03\/CERDA-LACTANTE.jpg","width":580,"height":376,"caption":"Pienso cerda lactante"},{"@type":"BreadcrumbList","@id":"https:\/\/copite.es\/producto\/c-4-pienso-de-cerdas-lactantes\/#breadcrumb","itemListElement":[{"@type":"ListItem","position":1,"name":"Portada","item":"https:\/\/copite.es\/"},{"@type":"ListItem","position":2,"name":"Especies","item":"https:\/\/copite.es\/especies\/"},{"@type":"ListItem","position":3,"name":"C-4. Pienso de cerdas lactantes"}]},{"@type":"WebSite","@id":"https:\/\/copite.es\/#website","url":"https:\/\/copite.es\/","name":"Ntra. Sra. de la Cabeza","description":"","publisher":{"@id":"https:\/\/copite.es\/#organization"},"potentialAction":[{"@type":"SearchAction","target":{"@type":"EntryPoint","urlTemplate":"https:\/\/copite.es\/?s={search_term_string}"},"query-input":"required name=search_term_string"}],"inLanguage":"en-US"},{"@type":"Organization","@id":"https:\/\/copite.es\/#organization","name":"Ntra. Sra. de la Cabeza","url":"https:\/\/copite.es\/","logo":{"@type":"ImageObject","inLanguage":"en-US","@id":"https:\/\/copite.es\/#\/schema\/logo\/image\/","url":"https:\/\/copite.es\/wp-content\/uploads\/2024\/03\/Ganaderia-Nuestra-Senora-de-la-Cabeza-logo-1.png","contentUrl":"https:\/\/copite.es\/wp-content\/uploads\/2024\/03\/Ganaderia-Nuestra-Senora-de-la-Cabeza-logo-1.png","width":1517,"height":1517,"caption":"Ntra. Sra. de la Cabeza"},"image":{"@id":"https:\/\/copite.es\/#\/schema\/logo\/image\/"}}]}},"_links":{"self":[{"href":"https:\/\/copite.es\/en\/wp-json\/wp\/v2\/product\/1075","targetHints":{"allow":["GET"]}}],"collection":[{"href":"https:\/\/copite.es\/en\/wp-json\/wp\/v2\/product"}],"about":[{"href":"https:\/\/copite.es\/en\/wp-json\/wp\/v2\/types\/product"}],"replies":[{"embeddable":true,"href":"https:\/\/copite.es\/en\/wp-json\/wp\/v2\/comments?post=1075"}],"version-history":[{"count":3,"href":"https:\/\/copite.es\/en\/wp-json\/wp\/v2\/product\/1075\/revisions"}],"predecessor-version":[{"id":2341,"href":"https:\/\/copite.es\/en\/wp-json\/wp\/v2\/product\/1075\/revisions\/2341"}],"wp:featuredmedia":[{"embeddable":true,"href":"https:\/\/copite.es\/en\/wp-json\/wp\/v2\/media\/1506"}],"wp:attachment":[{"href":"https:\/\/copite.es\/en\/wp-json\/wp\/v2\/media?parent=1075"}],"wp:term":[{"taxonomy":"piensos","embeddable":true,"href":"https:\/\/copite.es\/en\/wp-json\/wp\/v2\/piensos?post=1075"},{"taxonomy":"product_cat","embeddable":true,"href":"https:\/\/copite.es\/en\/wp-json\/wp\/v2\/product_cat?post=1075"},{"taxonomy":"product_tag","embeddable":true,"href":"https:\/\/copite.es\/en\/wp-json\/wp\/v2\/product_tag?post=1075"}],"curies":[{"name":"wp","href":"https:\/\/api.w.org\/{rel}","templated":true}]}}